{"id":18930,"date":"2026-03-19T13:48:20","date_gmt":"2026-03-19T19:48:20","guid":{"rendered":"https:\/\/snbx.sv\/summit\/?page_id=18930"},"modified":"2026-03-20T09:25:09","modified_gmt":"2026-03-20T15:25:09","slug":"elo-cadenas","status":"publish","type":"page","link":"https:\/\/snbx.sv\/summit\/elo-cadenas\/","title":{"rendered":"Elo Cadenas"},"content":{"rendered":"\t\t<div data-elementor-type=\"wp-page\" data-elementor-id=\"18930\" class=\"elementor elementor-18930\">\n\t\t\t\t        <section class=\"elementor-section elementor-top-section elementor-element elementor-element-249781c elementor-section-boxed elementor-section-height-default elementor-section-height-default pxl-row-scroll-none pxl-section-overflow-visible pxl-bg-color-none pxl-section-overlay-none\" data-id=\"249781c\" data-element_type=\"section\" data-e-type=\"section\" data-settings=\"{&quot;background_background&quot;:&quot;classic&quot;}\">\n\n                \n                <div class=\"elementor-container elementor-column-gap-default \">\n                <div class=\"elementor-column elementor-col-100 elementor-top-column elementor-element elementor-element-d251bb7 pxl-column-none pxl-column-overflow-hidden-no\" data-id=\"d251bb7\" data-element_type=\"column\" data-e-type=\"column\">\r\n        <div class=\"elementor-widget-wrap elementor-element-populated\">\r\n                     \r\n                <section class=\"elementor-section elementor-inner-section elementor-element elementor-element-565c28b elementor-section-boxed elementor-section-height-default elementor-section-height-default pxl-row-scroll-none pxl-section-overflow-visible pxl-bg-color-none pxl-section-overlay-none\" data-id=\"565c28b\" data-element_type=\"section\" data-e-type=\"section\">\n\n                \n                <div class=\"elementor-container elementor-column-gap-extended \">\n                <div class=\"elementor-column elementor-col-50 elementor-inner-column elementor-element elementor-element-3ff8f03 pxl-column-none pxl-column-overflow-hidden-no\" data-id=\"3ff8f03\" data-element_type=\"column\" data-e-type=\"column\">\r\n        <div class=\"elementor-widget-wrap elementor-element-populated\">\r\n                     \r\n        \t\t<div class=\"elementor-element elementor-element-727b360 elementor-widget elementor-widget-pxl_image\" data-id=\"727b360\" data-element_type=\"widget\" data-e-type=\"widget\" data-widget_type=\"pxl_image.default\">\n\t\t\t\t<div class=\"elementor-widget-container\">\n\t\t\t\t\t<div id=\"pxl_image-727b360-1561\" class=\"pxl-image-single  style-default  style-hover-default\" data-wow-delay=\"ms\"  >\r\n    <div class=\"pxl-item--inner \" data-wow-delay=\"120ms\">\r\n        \r\n                    <div class=\"pxl-item--image\" data-parallax-value=\"\">\r\n                                <img fetchpriority=\"high\" decoding=\"async\" class=\"no-lazyload \" src=\"https:\/\/snbx.sv\/summit\/wp-content\/uploads\/2026\/03\/IMG_7627-Elo-Cadenas-scaled-431x561.jpeg\" width=\"431\" height=\"561\" alt=\"IMG_7627 - Elo Cadenas\" title=\"IMG_7627 - Elo Cadenas\" \/>                            <\/div>\r\n            \r\n        <div class=\"btn-image\">\r\n                                                    <\/div>\r\n    <\/div>\r\n<\/div>\t\t\t\t<\/div>\n\t\t\t\t<\/div>\n\t\t\t\t<div class=\"elementor-element elementor-element-538c526 elementor-widget elementor-widget-pxl_heading\" data-id=\"538c526\" data-element_type=\"widget\" data-e-type=\"widget\" data-widget_type=\"pxl_heading.default\">\n\t\t\t\t<div class=\"elementor-widget-container\">\n\t\t\t\t\t<div id=\"pxl-pxl_heading-538c526-9107\" class=\"pxl-heading pxl-heading--tcustom\">\n\t<div class=\"pxl-heading--inner\">\n\n\t\t\n\t<h3 class=\"pxl-item--title   pxl-color-style-1 \" data-wow-delay=\"ms\">\n\n\n\tElo Cadenas\t\t\t\n\t<\/h3>\n\n<\/div>\n<\/div>\t\t\t\t<\/div>\n\t\t\t\t<\/div>\n\t\t\t\t<div class=\"elementor-element elementor-element-9ae7095 elementor-widget elementor-widget-pxl_text_editor\" data-id=\"9ae7095\" data-element_type=\"widget\" data-e-type=\"widget\" data-widget_type=\"pxl_text_editor.default\">\n\t\t\t\t<div class=\"elementor-widget-container\">\n\t\t\t\t\t<div class=\"pxl-text-editor\">\n\t<div class=\"pxl-item--inner \" data-wow-delay=\"ms\">\n\t\t<p>Socia y Directora General de Ark\u00e1ngeles<\/p>\t\t\n\t<\/div>\n<\/div>\t\t\t\t<\/div>\n\t\t\t\t<\/div>\n\t\t\t\t<div class=\"elementor-element elementor-element-79c6e35 elementor-hidden-widescreen elementor-hidden-desktop elementor-hidden-laptop elementor-hidden-tablet_extra elementor-hidden-tablet elementor-hidden-mobile elementor-widget elementor-widget-pxl_heading\" data-id=\"79c6e35\" data-element_type=\"widget\" data-e-type=\"widget\" data-widget_type=\"pxl_heading.default\">\n\t\t\t\t<div class=\"elementor-widget-container\">\n\t\t\t\t\t<div id=\"pxl-pxl_heading-79c6e35-7176\" class=\"pxl-heading pxl-heading--tcustom\">\n\t<div class=\"pxl-heading--inner\">\n\n\t\t\n\t<h3 class=\"pxl-item--title   pxl-color-custom \" data-wow-delay=\"ms\">\n\n\n\tEmail\t\t\t\n\t<\/h3>\n\n<\/div>\n<\/div>\t\t\t\t<\/div>\n\t\t\t\t<\/div>\n\t\t\t\t<div class=\"elementor-element elementor-element-4e89a78 elementor-hidden-widescreen elementor-hidden-desktop elementor-hidden-laptop elementor-hidden-tablet_extra elementor-hidden-tablet elementor-hidden-mobile elementor-widget elementor-widget-pxl_text_editor\" data-id=\"4e89a78\" data-element_type=\"widget\" data-e-type=\"widget\" data-widget_type=\"pxl_text_editor.default\">\n\t\t\t\t<div class=\"elementor-widget-container\">\n\t\t\t\t\t<div class=\"pxl-text-editor\">\n\t<div class=\"pxl-item--inner \" data-wow-delay=\"ms\">\n\t\t<p><a href=\"mailto:christian@infinixe.co\"><span data-sheets-root=\"1\">christian@infinixe.co<\/span><\/a><\/p>\t\t\n\t<\/div>\n<\/div>\t\t\t\t<\/div>\n\t\t\t\t<\/div>\n\t\t\t\t<div class=\"elementor-element elementor-element-3c99de2 elementor-widget elementor-widget-pxl_link\" data-id=\"3c99de2\" data-element_type=\"widget\" data-e-type=\"widget\" data-widget_type=\"pxl_link.default\">\n\t\t\t\t<div class=\"elementor-widget-container\">\n\t\t\t\t\t    <ul id=\"pxl-link-pxl_link-3c99de2-3732\" class=\"pxl-link pxl-link-l1  style-2 type-horizontal\" data-wow-delay=\"ms\">\r\n                    <li>\r\n                <a class=\"pxl-type-color\"  href=\"https:\/\/www.linkedin.com\/in\/elocadenas\" target=\"_blank\">\r\n                    <i aria-hidden=\"true\" class=\"fab fa-linkedin-in\"><\/i>                                            <span><\/span>\r\n                                    <\/a>\r\n            <\/li>\r\n                    <li>\r\n                <a class=\"pxl-type-color\"  href=\"https:\/\/www.instagram.com\/elocadenas?igsh=MXZ4dGR0ZjBtZHhwaA%3D%3D&amp;utm_source=qr\" target=\"_blank\">\r\n                    <i aria-hidden=\"true\" class=\"fab fa-instagram\"><\/i>                                            <span><\/span>\r\n                                    <\/a>\r\n            <\/li>\r\n            <\/ul>\r\n\t\t\t\t<\/div>\n\t\t\t\t<\/div>\n\t\t            <\/div>\r\n        <\/div>\r\n                <div class=\"elementor-column elementor-col-50 elementor-inner-column elementor-element elementor-element-e5cea34 pxl-column-none pxl-column-overflow-hidden-no\" data-id=\"e5cea34\" data-element_type=\"column\" data-e-type=\"column\">\r\n        <div class=\"elementor-widget-wrap elementor-element-populated\">\r\n                     \r\n        \t\t<div class=\"elementor-element elementor-element-fa30178 elementor-widget elementor-widget-pxl_heading\" data-id=\"fa30178\" data-element_type=\"widget\" data-e-type=\"widget\" data-widget_type=\"pxl_heading.default\">\n\t\t\t\t<div class=\"elementor-widget-container\">\n\t\t\t\t\t<div id=\"pxl-pxl_heading-fa30178-8008\" class=\"pxl-heading pxl-heading--tcustom\">\n\t<div class=\"pxl-heading--inner\">\n\n\t\t\n\t<h3 class=\"pxl-item--title   pxl-color-style-1 \" data-wow-delay=\"ms\">\n\n\n\tAbout the speaker\t\t\t\n\t<\/h3>\n\n<\/div>\n<\/div>\t\t\t\t<\/div>\n\t\t\t\t<\/div>\n\t\t\t\t<div class=\"elementor-element elementor-element-2b9ecfd elementor-hidden-widescreen elementor-hidden-desktop elementor-hidden-laptop elementor-hidden-tablet_extra elementor-hidden-tablet elementor-hidden-mobile elementor-widget elementor-widget-image\" data-id=\"2b9ecfd\" data-element_type=\"widget\" data-e-type=\"widget\" data-widget_type=\"image.default\">\n\t\t\t\t<div class=\"elementor-widget-container\">\n\t\t\t\t\t\t\t\t\t\t\t\t\t\t\t<img decoding=\"async\" width=\"410\" height=\"54\" src=\"https:\/\/snbx.sv\/summit\/wp-content\/uploads\/2026\/03\/logo-1.svg\" class=\"attachment-large size-large wp-image-18885\" alt=\"\" \/>\t\t\t\t\t\t\t\t\t\t\t\t\t\t\t<\/div>\n\t\t\t\t<\/div>\n\t\t\t\t<div class=\"elementor-element elementor-element-92bb5c0 elementor-widget elementor-widget-pxl_text_editor\" data-id=\"92bb5c0\" data-element_type=\"widget\" data-e-type=\"widget\" data-widget_type=\"pxl_text_editor.default\">\n\t\t\t\t<div class=\"elementor-widget-container\">\n\t\t\t\t\t<div class=\"pxl-text-editor\">\n\t<div class=\"pxl-item--inner \" data-wow-delay=\"ms\">\n\t\t<p>Eloisa Cadenas es especialista y Conferencista sobre criptoactivos desde 2014 y es socia y Directora General de Ark\u00e1ngeles, una fintech regulada en M\u00e9xico. Es Cofundadora de PXO, el 1er stablecoin del peso mexicano. Realiz\u00f3 estudios de Doctorado en la Universidad Nacional Aut\u00f3noma de M\u00e9xico. En 2017 fund\u00f3 Cryptofintech, una consultora especializada en proyectos de tokenizaci\u00f3n. Ha colaborado con la OEA en temas sobre el Financiamiento a la Proliferaci\u00f3n de Armas de Destrucci\u00f3n Masiva con criptoactivos. En 2020 fue incluida en la lista \u201cRising Women in Crypto\u201d de The Fintech Times como una de las mujeres m\u00e1s influyentes dentro del ecosistema cripto y en mayo de 2021 recibi\u00f3 el Doctorado Honoris Causa por ser pionera en el pa\u00eds en temas sobre criptoactivos y en marzo de 2026 recibi\u00f3 el premio Woman in Finance LATAM a la Excelencia en innovaci\u00f3n.<\/p><p>\u00a0<\/p><p>Es miembro de la Academia Mexicana de Derecho Digital y actual profesora de la Especializaci\u00f3n en Ingenier\u00eda Financiera de la UNAM. Fue parte del 1er Diplomado en Criptoactivos en la Facultad de Contadur\u00eda y Administraci\u00f3n. Ha impartido cursos para la Bolsa Mexicana de Valores (BMV), la Comisi\u00f3n Nacional Bancaria y de Valores (CNBV) e instituciones internacionales como la Servicio de Impuestos Internos (IRS), Oficina de Investigaciones de Seguridad Nacional (HSI), Organizaci\u00f3n de los Estados Americanos (OEA), Unidad de An\u00e1lisis Financiero (UAF) de Chile y la Asociaci\u00f3n de Supervisores Bancarios de las Am\u00e9ricas (ASBA) y tambi\u00e9n form\u00f3 parte de la Comisi\u00f3n Fintech del Colegio de Contadores P\u00fablicos de M\u00e9xico (CCPM).<\/p><p>\u00a0<\/p><p>Ha participado en Congresos Internacionales de Investigaci\u00f3n Financiera organizados por la UNAM, UAM y el Instituto Mexicano de Ejecutivos en Finanzas; asimismo para empresas como Google, BBVA, Binance y los principales eventos cripto a nivel internacional como: LaBitConf, Blockchain Economic London, NFT Istambul y tambi\u00e9n en pa\u00edses como Chile, Argentina, Uruguay, Colombia, Ecuador, El Salvador, Estados Unidos, Londres, Espa\u00f1a, Turqu\u00eda y Grecia. Ha escrito art\u00edculos para el Colegio de Contadores, Fortune M\u00e9xico. Ha dado entrevistas para medios internacionales como Forbes NY, The Washington Post, Bloomberg, BBC Mundo, El Mercurio (Chile) y medios nacionales como El Financiero, Expansi\u00f3n y El Economista. Es miembro de Cointelegraph, uno de los medios m\u00e1s importantes a nivel mundial en la materia. En 2022 public\u00f3 una investigaci\u00f3n en el International Journal of Finance, Insurance and<br \/>Risk Management.<\/p>\t\t\n\t<\/div>\n<\/div>\t\t\t\t<\/div>\n\t\t\t\t<\/div>\n\t\t            <\/div>\r\n        <\/div>\r\n        \t\t\t<\/div>\n\t\t<\/section>\n\t\t            <\/div>\r\n        <\/div>\r\n        \t\t\t<\/div>\n\t\t<\/section>\n\t\t\t\t<\/div>\n\t\t","protected":false},"excerpt":{"rendered":"<p>Elo Cadenas Socia y Directora General de Ark\u00e1ngeles Email christian@infinixe.co About the speaker Eloisa Cadenas es especialista y Conferencista sobre criptoactivos desde 2014 y es socia y Directora General de Ark\u00e1ngeles, una fintech regulada en M\u00e9xico. Es Cofundadora de PXO, el 1er stablecoin del peso mexicano. Realiz\u00f3 estudios de Doctorado en la Universidad Nacional Aut\u00f3noma [&hellip;]<\/p>\n","protected":false},"author":1,"featured_media":0,"parent":0,"menu_order":0,"comment_status":"closed","ping_status":"closed","template":"","meta":{"_uf_show_specific_survey":0,"_uf_disable_surveys":false,"footnotes":""},"class_list":["post-18930","page","type-page","status-publish","hentry"],"yoast_head":"<!-- This site is optimized with the Yoast SEO plugin v27.4 - https:\/\/yoast.com\/product\/yoast-seo-wordpress\/ -->\n<title>SNBX Innovation Summit 2026: El Salvador y Centroam\u00e9rica - SNBX - SUMMIT<\/title>\n<meta name=\"description\" content=\"\u200bEl SNBX Innovation Summit 2026 es el evento referente de innovaci\u00f3n y emprendimiento en El Salvador. Con un enfoque transformador en Centroam\u00e9rica, aceleramos el ecosistema regional mediante el an\u00e1lisis de tendencias, la atracci\u00f3n de inversiones y la generaci\u00f3n de conexiones estrat\u00e9gicas. \u00danete al punto de encuentro clave para potenciar negocios de alto impacto a corto y largo plazo.\" \/>\n<meta name=\"robots\" content=\"index, follow, max-snippet:-1, max-image-preview:large, max-video-preview:-1\" \/>\n<link rel=\"canonical\" href=\"https:\/\/snbx.sv\/summit\/elo-cadenas\/\" \/>\n<meta property=\"og:locale\" content=\"es_ES\" \/>\n<meta property=\"og:type\" content=\"article\" \/>\n<meta property=\"og:title\" content=\"SNBX Innovation Summit 2026: El Salvador y Centroam\u00e9rica - SNBX - SUMMIT\" \/>\n<meta property=\"og:description\" content=\"\u200bEl SNBX Innovation Summit 2026 es el evento referente de innovaci\u00f3n y emprendimiento en El Salvador. Con un enfoque transformador en Centroam\u00e9rica, aceleramos el ecosistema regional mediante el an\u00e1lisis de tendencias, la atracci\u00f3n de inversiones y la generaci\u00f3n de conexiones estrat\u00e9gicas. \u00danete al punto de encuentro clave para potenciar negocios de alto impacto a corto y largo plazo.\" \/>\n<meta property=\"og:url\" content=\"https:\/\/snbx.sv\/summit\/elo-cadenas\/\" \/>\n<meta property=\"og:site_name\" content=\"SNBX - SUMMIT\" \/>\n<meta property=\"article:publisher\" content=\"https:\/\/www.facebook.com\/Sandbox.sv\" \/>\n<meta property=\"article:modified_time\" content=\"2026-03-20T15:25:09+00:00\" \/>\n<meta property=\"og:image\" content=\"https:\/\/snbx.sv\/summit\/wp-content\/uploads\/2026\/03\/IMG_7627-Elo-Cadenas-scaled-431x561.jpeg\" \/>\n<meta name=\"twitter:card\" content=\"summary_large_image\" \/>\n<meta name=\"twitter:label1\" content=\"Est. reading time\" \/>\n\t<meta name=\"twitter:data1\" content=\"3 minutos\" \/>\n<script type=\"application\/ld+json\" class=\"yoast-schema-graph\">{\"@context\":\"https:\\\/\\\/schema.org\",\"@graph\":[{\"@type\":\"WebPage\",\"@id\":\"https:\\\/\\\/snbx.sv\\\/summit\\\/elo-cadenas\\\/\",\"url\":\"https:\\\/\\\/snbx.sv\\\/summit\\\/elo-cadenas\\\/\",\"name\":\"SNBX Innovation Summit 2026: El Salvador y Centroam\u00e9rica - SNBX - SUMMIT\",\"isPartOf\":{\"@id\":\"https:\\\/\\\/snbx.sv\\\/summit\\\/#website\"},\"primaryImageOfPage\":{\"@id\":\"https:\\\/\\\/snbx.sv\\\/summit\\\/elo-cadenas\\\/#primaryimage\"},\"image\":{\"@id\":\"https:\\\/\\\/snbx.sv\\\/summit\\\/elo-cadenas\\\/#primaryimage\"},\"thumbnailUrl\":\"https:\\\/\\\/snbx.sv\\\/summit\\\/wp-content\\\/uploads\\\/2026\\\/03\\\/IMG_7627-Elo-Cadenas-scaled-431x561.jpeg\",\"datePublished\":\"2026-03-19T19:48:20+00:00\",\"dateModified\":\"2026-03-20T15:25:09+00:00\",\"description\":\"\u200bEl SNBX Innovation Summit 2026 es el evento referente de innovaci\u00f3n y emprendimiento en El Salvador. Con un enfoque transformador en Centroam\u00e9rica, aceleramos el ecosistema regional mediante el an\u00e1lisis de tendencias, la atracci\u00f3n de inversiones y la generaci\u00f3n de conexiones estrat\u00e9gicas. \u00danete al punto de encuentro clave para potenciar negocios de alto impacto a corto y largo plazo.\",\"breadcrumb\":{\"@id\":\"https:\\\/\\\/snbx.sv\\\/summit\\\/elo-cadenas\\\/#breadcrumb\"},\"inLanguage\":\"es\",\"potentialAction\":[{\"@type\":\"ReadAction\",\"target\":[\"https:\\\/\\\/snbx.sv\\\/summit\\\/elo-cadenas\\\/\"]}]},{\"@type\":\"ImageObject\",\"inLanguage\":\"es\",\"@id\":\"https:\\\/\\\/snbx.sv\\\/summit\\\/elo-cadenas\\\/#primaryimage\",\"url\":\"https:\\\/\\\/snbx.sv\\\/summit\\\/wp-content\\\/uploads\\\/2026\\\/03\\\/IMG_7627-Elo-Cadenas-scaled-431x561.jpeg\",\"contentUrl\":\"https:\\\/\\\/snbx.sv\\\/summit\\\/wp-content\\\/uploads\\\/2026\\\/03\\\/IMG_7627-Elo-Cadenas-scaled-431x561.jpeg\"},{\"@type\":\"BreadcrumbList\",\"@id\":\"https:\\\/\\\/snbx.sv\\\/summit\\\/elo-cadenas\\\/#breadcrumb\",\"itemListElement\":[{\"@type\":\"ListItem\",\"position\":1,\"name\":\"Home\",\"item\":\"https:\\\/\\\/snbx.sv\\\/summit\\\/\"},{\"@type\":\"ListItem\",\"position\":2,\"name\":\"Elo Cadenas\"}]},{\"@type\":\"WebSite\",\"@id\":\"https:\\\/\\\/snbx.sv\\\/summit\\\/#website\",\"url\":\"https:\\\/\\\/snbx.sv\\\/summit\\\/\",\"name\":\"SNBX - SUMMIT\",\"description\":\"\",\"publisher\":{\"@id\":\"https:\\\/\\\/snbx.sv\\\/summit\\\/#organization\"},\"alternateName\":\"SNBX - SUMMIT 2026\",\"potentialAction\":[{\"@type\":\"SearchAction\",\"target\":{\"@type\":\"EntryPoint\",\"urlTemplate\":\"https:\\\/\\\/snbx.sv\\\/summit\\\/?s={search_term_string}\"},\"query-input\":{\"@type\":\"PropertyValueSpecification\",\"valueRequired\":true,\"valueName\":\"search_term_string\"}}],\"inLanguage\":\"es\"},{\"@type\":\"Organization\",\"@id\":\"https:\\\/\\\/snbx.sv\\\/summit\\\/#organization\",\"name\":\"SNBX - SUMMIT\",\"alternateName\":\"SNBX - SUMMIT 2026\",\"url\":\"https:\\\/\\\/snbx.sv\\\/summit\\\/\",\"logo\":{\"@type\":\"ImageObject\",\"inLanguage\":\"es\",\"@id\":\"https:\\\/\\\/snbx.sv\\\/summit\\\/#\\\/schema\\\/logo\\\/image\\\/\",\"url\":\"https:\\\/\\\/snbx.sv\\\/summit\\\/wp-content\\\/uploads\\\/2024\\\/07\\\/Logo-Blanco@4x.png\",\"contentUrl\":\"https:\\\/\\\/snbx.sv\\\/summit\\\/wp-content\\\/uploads\\\/2024\\\/07\\\/Logo-Blanco@4x.png\",\"width\":1591,\"height\":435,\"caption\":\"SNBX - SUMMIT\"},\"image\":{\"@id\":\"https:\\\/\\\/snbx.sv\\\/summit\\\/#\\\/schema\\\/logo\\\/image\\\/\"},\"sameAs\":[\"https:\\\/\\\/www.facebook.com\\\/Sandbox.sv\"]}]}<\/script>\n<!-- \/ Yoast SEO plugin. -->","yoast_head_json":{"title":"SNBX Innovation Summit 2026: El Salvador y Centroam\u00e9rica - SNBX - SUMMIT","description":"\u200bEl SNBX Innovation Summit 2026 es el evento referente de innovaci\u00f3n y emprendimiento en El Salvador. Con un enfoque transformador en Centroam\u00e9rica, aceleramos el ecosistema regional mediante el an\u00e1lisis de tendencias, la atracci\u00f3n de inversiones y la generaci\u00f3n de conexiones estrat\u00e9gicas. \u00danete al punto de encuentro clave para potenciar negocios de alto impacto a corto y largo plazo.","robots":{"index":"index","follow":"follow","max-snippet":"max-snippet:-1","max-image-preview":"max-image-preview:large","max-video-preview":"max-video-preview:-1"},"canonical":"https:\/\/snbx.sv\/summit\/elo-cadenas\/","og_locale":"es_ES","og_type":"article","og_title":"SNBX Innovation Summit 2026: El Salvador y Centroam\u00e9rica - SNBX - SUMMIT","og_description":"\u200bEl SNBX Innovation Summit 2026 es el evento referente de innovaci\u00f3n y emprendimiento en El Salvador. Con un enfoque transformador en Centroam\u00e9rica, aceleramos el ecosistema regional mediante el an\u00e1lisis de tendencias, la atracci\u00f3n de inversiones y la generaci\u00f3n de conexiones estrat\u00e9gicas. \u00danete al punto de encuentro clave para potenciar negocios de alto impacto a corto y largo plazo.","og_url":"https:\/\/snbx.sv\/summit\/elo-cadenas\/","og_site_name":"SNBX - SUMMIT","article_publisher":"https:\/\/www.facebook.com\/Sandbox.sv","article_modified_time":"2026-03-20T15:25:09+00:00","og_image":[{"url":"https:\/\/snbx.sv\/summit\/wp-content\/uploads\/2026\/03\/IMG_7627-Elo-Cadenas-scaled-431x561.jpeg","type":"","width":"","height":""}],"twitter_card":"summary_large_image","twitter_misc":{"Est. reading time":"3 minutos"},"schema":{"@context":"https:\/\/schema.org","@graph":[{"@type":"WebPage","@id":"https:\/\/snbx.sv\/summit\/elo-cadenas\/","url":"https:\/\/snbx.sv\/summit\/elo-cadenas\/","name":"SNBX Innovation Summit 2026: El Salvador y Centroam\u00e9rica - SNBX - SUMMIT","isPartOf":{"@id":"https:\/\/snbx.sv\/summit\/#website"},"primaryImageOfPage":{"@id":"https:\/\/snbx.sv\/summit\/elo-cadenas\/#primaryimage"},"image":{"@id":"https:\/\/snbx.sv\/summit\/elo-cadenas\/#primaryimage"},"thumbnailUrl":"https:\/\/snbx.sv\/summit\/wp-content\/uploads\/2026\/03\/IMG_7627-Elo-Cadenas-scaled-431x561.jpeg","datePublished":"2026-03-19T19:48:20+00:00","dateModified":"2026-03-20T15:25:09+00:00","description":"\u200bEl SNBX Innovation Summit 2026 es el evento referente de innovaci\u00f3n y emprendimiento en El Salvador. Con un enfoque transformador en Centroam\u00e9rica, aceleramos el ecosistema regional mediante el an\u00e1lisis de tendencias, la atracci\u00f3n de inversiones y la generaci\u00f3n de conexiones estrat\u00e9gicas. \u00danete al punto de encuentro clave para potenciar negocios de alto impacto a corto y largo plazo.","breadcrumb":{"@id":"https:\/\/snbx.sv\/summit\/elo-cadenas\/#breadcrumb"},"inLanguage":"es","potentialAction":[{"@type":"ReadAction","target":["https:\/\/snbx.sv\/summit\/elo-cadenas\/"]}]},{"@type":"ImageObject","inLanguage":"es","@id":"https:\/\/snbx.sv\/summit\/elo-cadenas\/#primaryimage","url":"https:\/\/snbx.sv\/summit\/wp-content\/uploads\/2026\/03\/IMG_7627-Elo-Cadenas-scaled-431x561.jpeg","contentUrl":"https:\/\/snbx.sv\/summit\/wp-content\/uploads\/2026\/03\/IMG_7627-Elo-Cadenas-scaled-431x561.jpeg"},{"@type":"BreadcrumbList","@id":"https:\/\/snbx.sv\/summit\/elo-cadenas\/#breadcrumb","itemListElement":[{"@type":"ListItem","position":1,"name":"Home","item":"https:\/\/snbx.sv\/summit\/"},{"@type":"ListItem","position":2,"name":"Elo Cadenas"}]},{"@type":"WebSite","@id":"https:\/\/snbx.sv\/summit\/#website","url":"https:\/\/snbx.sv\/summit\/","name":"SNBX - SUMMIT","description":"","publisher":{"@id":"https:\/\/snbx.sv\/summit\/#organization"},"alternateName":"SNBX - SUMMIT 2026","potentialAction":[{"@type":"SearchAction","target":{"@type":"EntryPoint","urlTemplate":"https:\/\/snbx.sv\/summit\/?s={search_term_string}"},"query-input":{"@type":"PropertyValueSpecification","valueRequired":true,"valueName":"search_term_string"}}],"inLanguage":"es"},{"@type":"Organization","@id":"https:\/\/snbx.sv\/summit\/#organization","name":"SNBX - SUMMIT","alternateName":"SNBX - SUMMIT 2026","url":"https:\/\/snbx.sv\/summit\/","logo":{"@type":"ImageObject","inLanguage":"es","@id":"https:\/\/snbx.sv\/summit\/#\/schema\/logo\/image\/","url":"https:\/\/snbx.sv\/summit\/wp-content\/uploads\/2024\/07\/Logo-Blanco@4x.png","contentUrl":"https:\/\/snbx.sv\/summit\/wp-content\/uploads\/2024\/07\/Logo-Blanco@4x.png","width":1591,"height":435,"caption":"SNBX - SUMMIT"},"image":{"@id":"https:\/\/snbx.sv\/summit\/#\/schema\/logo\/image\/"},"sameAs":["https:\/\/www.facebook.com\/Sandbox.sv"]}]}},"_links":{"self":[{"href":"https:\/\/snbx.sv\/summit\/wp-json\/wp\/v2\/pages\/18930","targetHints":{"allow":["GET"]}}],"collection":[{"href":"https:\/\/snbx.sv\/summit\/wp-json\/wp\/v2\/pages"}],"about":[{"href":"https:\/\/snbx.sv\/summit\/wp-json\/wp\/v2\/types\/page"}],"author":[{"embeddable":true,"href":"https:\/\/snbx.sv\/summit\/wp-json\/wp\/v2\/users\/1"}],"replies":[{"embeddable":true,"href":"https:\/\/snbx.sv\/summit\/wp-json\/wp\/v2\/comments?post=18930"}],"version-history":[{"count":7,"href":"https:\/\/snbx.sv\/summit\/wp-json\/wp\/v2\/pages\/18930\/revisions"}],"predecessor-version":[{"id":19021,"href":"https:\/\/snbx.sv\/summit\/wp-json\/wp\/v2\/pages\/18930\/revisions\/19021"}],"wp:attachment":[{"href":"https:\/\/snbx.sv\/summit\/wp-json\/wp\/v2\/media?parent=18930"}],"curies":[{"name":"wp","href":"https:\/\/api.w.org\/{rel}","templated":true}]}}