{"id":19608,"date":"2026-04-18T02:09:37","date_gmt":"2026-04-18T08:09:37","guid":{"rendered":"https:\/\/snbx.sv\/summit\/?page_id=19608"},"modified":"2026-04-22T13:03:39","modified_gmt":"2026-04-22T19:03:39","slug":"lena-savelli","status":"publish","type":"page","link":"https:\/\/snbx.sv\/summit\/lena-savelli\/","title":{"rendered":"Lena Savelli"},"content":{"rendered":"\t\t<div data-elementor-type=\"wp-page\" data-elementor-id=\"19608\" class=\"elementor elementor-19608\">\n\t\t\t\t        <section class=\"elementor-section elementor-top-section elementor-element elementor-element-249781c elementor-section-boxed elementor-section-height-default elementor-section-height-default pxl-row-scroll-none pxl-section-overflow-visible pxl-bg-color-none pxl-section-overlay-none\" data-id=\"249781c\" data-element_type=\"section\" data-e-type=\"section\" data-settings=\"{&quot;background_background&quot;:&quot;classic&quot;}\">\n\n                \n                <div class=\"elementor-container elementor-column-gap-default \">\n                <div class=\"elementor-column elementor-col-100 elementor-top-column elementor-element elementor-element-d251bb7 pxl-column-none pxl-column-overflow-hidden-no\" data-id=\"d251bb7\" data-element_type=\"column\" data-e-type=\"column\">\r\n        <div class=\"elementor-widget-wrap elementor-element-populated\">\r\n                     \r\n                <section class=\"elementor-section elementor-inner-section elementor-element elementor-element-565c28b elementor-section-boxed elementor-section-height-default elementor-section-height-default pxl-row-scroll-none pxl-section-overflow-visible pxl-bg-color-none pxl-section-overlay-none\" data-id=\"565c28b\" data-element_type=\"section\" data-e-type=\"section\">\n\n                \n                <div class=\"elementor-container elementor-column-gap-extended \">\n                <div class=\"elementor-column elementor-col-50 elementor-inner-column elementor-element elementor-element-3ff8f03 pxl-column-none pxl-column-overflow-hidden-no\" data-id=\"3ff8f03\" data-element_type=\"column\" data-e-type=\"column\">\r\n        <div class=\"elementor-widget-wrap elementor-element-populated\">\r\n                     \r\n        \t\t<div class=\"elementor-element elementor-element-727b360 elementor-widget elementor-widget-pxl_image\" data-id=\"727b360\" data-element_type=\"widget\" data-e-type=\"widget\" data-widget_type=\"pxl_image.default\">\n\t\t\t\t<div class=\"elementor-widget-container\">\n\t\t\t\t\t<div id=\"pxl_image-727b360-1495\" class=\"pxl-image-single  style-default  style-hover-default\" data-wow-delay=\"ms\"  >\r\n    <div class=\"pxl-item--inner \" data-wow-delay=\"120ms\">\r\n        \r\n                    <div class=\"pxl-item--image\" data-parallax-value=\"\">\r\n                                <img fetchpriority=\"high\" decoding=\"async\" class=\"no-lazyload \" src=\"https:\/\/snbx.sv\/summit\/wp-content\/uploads\/2026\/04\/Lena-portrait-Georgina-Alas-431x561.jpg\" width=\"431\" height=\"561\" alt=\"Lena portrait - Georgina Alas\" title=\"Lena portrait - Georgina Alas\" \/>                            <\/div>\r\n            \r\n        <div class=\"btn-image\">\r\n                                                    <\/div>\r\n    <\/div>\r\n<\/div>\t\t\t\t<\/div>\n\t\t\t\t<\/div>\n\t\t\t\t<div class=\"elementor-element elementor-element-538c526 elementor-widget elementor-widget-pxl_heading\" data-id=\"538c526\" data-element_type=\"widget\" data-e-type=\"widget\" data-widget_type=\"pxl_heading.default\">\n\t\t\t\t<div class=\"elementor-widget-container\">\n\t\t\t\t\t<div id=\"pxl-pxl_heading-538c526-7978\" class=\"pxl-heading pxl-heading--tcustom\">\n\t<div class=\"pxl-heading--inner\">\n\n\t\t\n\t<h3 class=\"pxl-item--title   pxl-color-style-1 \" data-wow-delay=\"ms\">\n\n\n\tLena Savelli\t\t\t\n\t<\/h3>\n\n<\/div>\n<\/div>\t\t\t\t<\/div>\n\t\t\t\t<\/div>\n\t\t\t\t<div class=\"elementor-element elementor-element-9ae7095 elementor-widget elementor-widget-pxl_text_editor\" data-id=\"9ae7095\" data-element_type=\"widget\" data-e-type=\"widget\" data-widget_type=\"pxl_text_editor.default\">\n\t\t\t\t<div class=\"elementor-widget-container\">\n\t\t\t\t\t<div class=\"pxl-text-editor\">\n\t<div class=\"pxl-item--inner \" data-wow-delay=\"ms\">\n\t\t<p>Directora Regional, WFP Am\u00e9rica Latina y el Caribe<\/p>\t\t\n\t<\/div>\n<\/div>\t\t\t\t<\/div>\n\t\t\t\t<\/div>\n\t\t\t\t<div class=\"elementor-element elementor-element-79c6e35 elementor-hidden-widescreen elementor-hidden-desktop elementor-hidden-laptop elementor-hidden-tablet_extra elementor-hidden-tablet elementor-hidden-mobile elementor-widget elementor-widget-pxl_heading\" data-id=\"79c6e35\" data-element_type=\"widget\" data-e-type=\"widget\" data-widget_type=\"pxl_heading.default\">\n\t\t\t\t<div class=\"elementor-widget-container\">\n\t\t\t\t\t<div id=\"pxl-pxl_heading-79c6e35-2537\" class=\"pxl-heading pxl-heading--tcustom\">\n\t<div class=\"pxl-heading--inner\">\n\n\t\t\n\t<h3 class=\"pxl-item--title   pxl-color-custom \" data-wow-delay=\"ms\">\n\n\n\tEmail\t\t\t\n\t<\/h3>\n\n<\/div>\n<\/div>\t\t\t\t<\/div>\n\t\t\t\t<\/div>\n\t\t\t\t<div class=\"elementor-element elementor-element-4e89a78 elementor-widget elementor-widget-pxl_text_editor\" data-id=\"4e89a78\" data-element_type=\"widget\" data-e-type=\"widget\" data-widget_type=\"pxl_text_editor.default\">\n\t\t\t\t<div class=\"elementor-widget-container\">\n\t\t\t\t\t<div class=\"pxl-text-editor\">\n\t<div class=\"pxl-item--inner \" data-wow-delay=\"ms\">\n\t\t<p><a href=\"mailto:lenasavelli@hotmail.com\"><span data-sheets-root=\"1\">lenasavelli@hotmail.com<\/span><\/a><\/p>\t\t\n\t<\/div>\n<\/div>\t\t\t\t<\/div>\n\t\t\t\t<\/div>\n\t\t\t\t<div class=\"elementor-element elementor-element-3c99de2 elementor-widget elementor-widget-pxl_link\" data-id=\"3c99de2\" data-element_type=\"widget\" data-e-type=\"widget\" data-widget_type=\"pxl_link.default\">\n\t\t\t\t<div class=\"elementor-widget-container\">\n\t\t\t\t\t    <ul id=\"pxl-link-pxl_link-3c99de2-2250\" class=\"pxl-link pxl-link-l1  style-2 type-horizontal\" data-wow-delay=\"ms\">\r\n                    <li>\r\n                <a class=\"pxl-type-color\"  href=\"https:\/\/www.linkedin.com\/in\/lena-savelli-b577b610\/\" target=\"_blank\">\r\n                    <i aria-hidden=\"true\" class=\"fab fa-linkedin-in\"><\/i>                                            <span><\/span>\r\n                                    <\/a>\r\n            <\/li>\r\n                    <li>\r\n                <a class=\"pxl-type-color\"  href=\"https:\/\/es.wfp.org\" target=\"_blank\">\r\n                    <i aria-hidden=\"true\" class=\"fas fa-link\"><\/i>                                            <span><\/span>\r\n                                    <\/a>\r\n            <\/li>\r\n                    <li>\r\n                <a class=\"pxl-type-color\"  href=\"mailto:lenasavelli@hotmail.com\" target=\"_blank\">\r\n                    <i aria-hidden=\"true\" class=\"far fa-envelope\"><\/i>                                            <span><\/span>\r\n                                    <\/a>\r\n            <\/li>\r\n                    <li>\r\n                <a class=\"pxl-type-color\"  href=\"https:\/\/x.com\/lenasavelli1\" target=\"_blank\">\r\n                    <i aria-hidden=\"true\" class=\"fab fa-x-twitter\"><\/i>                                            <span><\/span>\r\n                                    <\/a>\r\n            <\/li>\r\n            <\/ul>\r\n\t\t\t\t<\/div>\n\t\t\t\t<\/div>\n\t\t            <\/div>\r\n        <\/div>\r\n                <div class=\"elementor-column elementor-col-50 elementor-inner-column elementor-element elementor-element-e5cea34 pxl-column-none pxl-column-overflow-hidden-no\" data-id=\"e5cea34\" data-element_type=\"column\" data-e-type=\"column\">\r\n        <div class=\"elementor-widget-wrap elementor-element-populated\">\r\n                     \r\n        \t\t<div class=\"elementor-element elementor-element-fa30178 elementor-widget elementor-widget-pxl_heading\" data-id=\"fa30178\" data-element_type=\"widget\" data-e-type=\"widget\" data-widget_type=\"pxl_heading.default\">\n\t\t\t\t<div class=\"elementor-widget-container\">\n\t\t\t\t\t<div id=\"pxl-pxl_heading-fa30178-5421\" class=\"pxl-heading pxl-heading--tcustom\">\n\t<div class=\"pxl-heading--inner\">\n\n\t\t\n\t<h3 class=\"pxl-item--title   pxl-color-style-1 \" data-wow-delay=\"ms\">\n\n\n\tAbout the speaker\t\t\t\n\t<\/h3>\n\n<\/div>\n<\/div>\t\t\t\t<\/div>\n\t\t\t\t<\/div>\n\t\t\t\t<div class=\"elementor-element elementor-element-92bb5c0 elementor-widget elementor-widget-pxl_text_editor\" data-id=\"92bb5c0\" data-element_type=\"widget\" data-e-type=\"widget\" data-widget_type=\"pxl_text_editor.default\">\n\t\t\t\t<div class=\"elementor-widget-container\">\n\t\t\t\t\t<div class=\"pxl-text-editor\">\n\t<div class=\"pxl-item--inner \" data-wow-delay=\"ms\">\n\t\t<p>La Sra. Lena Savelli es una experimentada l\u00edder internacional con m\u00e1s de dos d\u00e9cadas de trayectoria dentro del sistema de las Naciones Unidas, con especializaci\u00f3n en transformaci\u00f3n de sistemas alimentarios, respuesta humanitaria, coordinaci\u00f3n para el desarrollo, asuntos pol\u00edticos y alianzas globales. Asumi\u00f3 el cargo de Directora Regional del Programa Mundial de Alimentos (WFP) para Am\u00e9rica Latina y el Caribe en enero de 2026.<\/p><p>\u00a0<\/p><p>Antes de su designaci\u00f3n, se desempe\u00f1\u00f3 como Directora Adjunta del Centro de Coordinaci\u00f3n de los Sistemas Alimentarios de la ONU en Roma, donde apoy\u00f3 la transformaci\u00f3n de los sistemas alimentarios nacionales tras la Cumbre de Sistemas Alimentarios de las Naciones Unidas. Entre 2020 y 2025 fue Coordinadora Residente de la ONU en Ecuador, liderando a 24 agencias del sistema y supervisando la respuesta a los flujos migratorios y de refugiados, la inestabilidad social, la creciente violencia criminal y la emergencia de El Ni\u00f1o de 2024, fortaleciendo las alianzas con el gobierno, la sociedad civil y el sector privado. En 2020 tambi\u00e9n ejerci\u00f3 como Coordinadora Residente a.i. en Senegal, liderando la respuesta de la ONU al COVID-19 y la creaci\u00f3n de la Oficina Com\u00fan de la ONU en Dakar.<\/p><p>\u00a0<\/p><p>Anteriormente, la Sra. Savelli fue Directora de Pa\u00eds y Representante de WFP en Senegal, centrada en alimentaci\u00f3n escolar, nutrici\u00f3n, desarrollo rural y respuesta a emergencias. Su carrera incluye tambi\u00e9n funciones como Oficial de Asuntos Pol\u00edticos en la Oficina Ejecutiva del Secretario General de la ONU, con enfoque en Am\u00e9rica Latina, \u00c1frica Occidental y el Noreste de Asia, adem\u00e1s de temas humanitarios, seguridad humana, desarme y la agenda de mujeres, paz y seguridad.<\/p><p>\u00a0<\/p><p>Entre 2002 y 2013 desempe\u00f1\u00f3 diversos roles con WFP y ACNUR en Zambia, la Rep\u00fablica Popular Democr\u00e1tica de Corea, Tailandia, Sri Lanka, Filipinas, Hait\u00ed, China, as\u00ed como en la Sede de WFP en Roma.<\/p><p>\u00a0<\/p><p>De nacionalidad sueca, domina sueco, ingl\u00e9s, espa\u00f1ol y franc\u00e9s, y es reconocida por su liderazgo en gesti\u00f3n de crisis, coordinaci\u00f3n interagencial, desarrollo de pol\u00edticas estrat\u00e9gicas e implementaci\u00f3n de programas, siempre en favor del desarrollo sostenible, la seguridad alimentaria y la dignidad humana.<\/p><p>\u00a0<\/p><p>La Sra. Savelli posee una maestr\u00eda en Derecho Internacional de la Universidad de Lund y una maestr\u00eda en derechos humanos internacionales y derecho humanitario del Instituto Raoul Wallenberg (Suecia).<\/p>\t\t\n\t<\/div>\n<\/div>\t\t\t\t<\/div>\n\t\t\t\t<\/div>\n\t\t            <\/div>\r\n        <\/div>\r\n        \t\t\t<\/div>\n\t\t<\/section>\n\t\t            <\/div>\r\n        <\/div>\r\n        \t\t\t<\/div>\n\t\t<\/section>\n\t\t\t\t<\/div>\n\t\t","protected":false},"excerpt":{"rendered":"<p>Lena Savelli Directora Regional, WFP Am\u00e9rica Latina y el Caribe Email lenasavelli@hotmail.com About the speaker La Sra. Lena Savelli es una experimentada l\u00edder internacional con m\u00e1s de dos d\u00e9cadas de trayectoria dentro del sistema de las Naciones Unidas, con especializaci\u00f3n en transformaci\u00f3n de sistemas alimentarios, respuesta humanitaria, coordinaci\u00f3n para el desarrollo, asuntos pol\u00edticos y alianzas [&hellip;]<\/p>\n","protected":false},"author":1,"featured_media":0,"parent":0,"menu_order":0,"comment_status":"closed","ping_status":"closed","template":"","meta":{"_uf_show_specific_survey":0,"_uf_disable_surveys":false,"footnotes":""},"class_list":["post-19608","page","type-page","status-publish","hentry"],"yoast_head":"<!-- This site is optimized with the Yoast SEO plugin v27.4 - https:\/\/yoast.com\/product\/yoast-seo-wordpress\/ -->\n<title>SNBX Innovation Summit 2026: El Salvador y Centroam\u00e9rica - SNBX - SUMMIT<\/title>\n<meta name=\"description\" content=\"\u200bEl SNBX Innovation Summit 2026 es el evento referente de innovaci\u00f3n y emprendimiento en El Salvador. Con un enfoque transformador en Centroam\u00e9rica, aceleramos el ecosistema regional mediante el an\u00e1lisis de tendencias, la atracci\u00f3n de inversiones y la generaci\u00f3n de conexiones estrat\u00e9gicas. \u00danete al punto de encuentro clave para potenciar negocios de alto impacto a corto y largo plazo.\" \/>\n<meta name=\"robots\" content=\"index, follow, max-snippet:-1, max-image-preview:large, max-video-preview:-1\" \/>\n<link rel=\"canonical\" href=\"https:\/\/snbx.sv\/summit\/lena-savelli\/\" \/>\n<meta property=\"og:locale\" content=\"es_ES\" \/>\n<meta property=\"og:type\" content=\"article\" \/>\n<meta property=\"og:title\" content=\"SNBX Innovation Summit 2026: El Salvador y Centroam\u00e9rica - SNBX - SUMMIT\" \/>\n<meta property=\"og:description\" content=\"\u200bEl SNBX Innovation Summit 2026 es el evento referente de innovaci\u00f3n y emprendimiento en El Salvador. Con un enfoque transformador en Centroam\u00e9rica, aceleramos el ecosistema regional mediante el an\u00e1lisis de tendencias, la atracci\u00f3n de inversiones y la generaci\u00f3n de conexiones estrat\u00e9gicas. \u00danete al punto de encuentro clave para potenciar negocios de alto impacto a corto y largo plazo.\" \/>\n<meta property=\"og:url\" content=\"https:\/\/snbx.sv\/summit\/lena-savelli\/\" \/>\n<meta property=\"og:site_name\" content=\"SNBX - SUMMIT\" \/>\n<meta property=\"article:publisher\" content=\"https:\/\/www.facebook.com\/Sandbox.sv\" \/>\n<meta property=\"article:modified_time\" content=\"2026-04-22T19:03:39+00:00\" \/>\n<meta property=\"og:image\" content=\"https:\/\/snbx.sv\/summit\/wp-content\/uploads\/2026\/04\/Lena-portrait-Georgina-Alas-431x561.jpg\" \/>\n<meta name=\"twitter:card\" content=\"summary_large_image\" \/>\n<meta name=\"twitter:label1\" content=\"Est. reading time\" \/>\n\t<meta name=\"twitter:data1\" content=\"2 minutos\" \/>\n<script type=\"application\/ld+json\" class=\"yoast-schema-graph\">{\"@context\":\"https:\\\/\\\/schema.org\",\"@graph\":[{\"@type\":\"WebPage\",\"@id\":\"https:\\\/\\\/snbx.sv\\\/summit\\\/lena-savelli\\\/\",\"url\":\"https:\\\/\\\/snbx.sv\\\/summit\\\/lena-savelli\\\/\",\"name\":\"SNBX Innovation Summit 2026: El Salvador y Centroam\u00e9rica - SNBX - SUMMIT\",\"isPartOf\":{\"@id\":\"https:\\\/\\\/snbx.sv\\\/summit\\\/#website\"},\"primaryImageOfPage\":{\"@id\":\"https:\\\/\\\/snbx.sv\\\/summit\\\/lena-savelli\\\/#primaryimage\"},\"image\":{\"@id\":\"https:\\\/\\\/snbx.sv\\\/summit\\\/lena-savelli\\\/#primaryimage\"},\"thumbnailUrl\":\"https:\\\/\\\/snbx.sv\\\/summit\\\/wp-content\\\/uploads\\\/2026\\\/04\\\/Lena-portrait-Georgina-Alas-431x561.jpg\",\"datePublished\":\"2026-04-18T08:09:37+00:00\",\"dateModified\":\"2026-04-22T19:03:39+00:00\",\"description\":\"\u200bEl SNBX Innovation Summit 2026 es el evento referente de innovaci\u00f3n y emprendimiento en El Salvador. Con un enfoque transformador en Centroam\u00e9rica, aceleramos el ecosistema regional mediante el an\u00e1lisis de tendencias, la atracci\u00f3n de inversiones y la generaci\u00f3n de conexiones estrat\u00e9gicas. \u00danete al punto de encuentro clave para potenciar negocios de alto impacto a corto y largo plazo.\",\"breadcrumb\":{\"@id\":\"https:\\\/\\\/snbx.sv\\\/summit\\\/lena-savelli\\\/#breadcrumb\"},\"inLanguage\":\"es\",\"potentialAction\":[{\"@type\":\"ReadAction\",\"target\":[\"https:\\\/\\\/snbx.sv\\\/summit\\\/lena-savelli\\\/\"]}]},{\"@type\":\"ImageObject\",\"inLanguage\":\"es\",\"@id\":\"https:\\\/\\\/snbx.sv\\\/summit\\\/lena-savelli\\\/#primaryimage\",\"url\":\"https:\\\/\\\/snbx.sv\\\/summit\\\/wp-content\\\/uploads\\\/2026\\\/04\\\/Lena-portrait-Georgina-Alas.jpg\",\"contentUrl\":\"https:\\\/\\\/snbx.sv\\\/summit\\\/wp-content\\\/uploads\\\/2026\\\/04\\\/Lena-portrait-Georgina-Alas.jpg\",\"width\":640,\"height\":800},{\"@type\":\"BreadcrumbList\",\"@id\":\"https:\\\/\\\/snbx.sv\\\/summit\\\/lena-savelli\\\/#breadcrumb\",\"itemListElement\":[{\"@type\":\"ListItem\",\"position\":1,\"name\":\"Home\",\"item\":\"https:\\\/\\\/snbx.sv\\\/summit\\\/\"},{\"@type\":\"ListItem\",\"position\":2,\"name\":\"Lena Savelli\"}]},{\"@type\":\"WebSite\",\"@id\":\"https:\\\/\\\/snbx.sv\\\/summit\\\/#website\",\"url\":\"https:\\\/\\\/snbx.sv\\\/summit\\\/\",\"name\":\"SNBX - SUMMIT\",\"description\":\"\",\"publisher\":{\"@id\":\"https:\\\/\\\/snbx.sv\\\/summit\\\/#organization\"},\"alternateName\":\"SNBX - SUMMIT 2026\",\"potentialAction\":[{\"@type\":\"SearchAction\",\"target\":{\"@type\":\"EntryPoint\",\"urlTemplate\":\"https:\\\/\\\/snbx.sv\\\/summit\\\/?s={search_term_string}\"},\"query-input\":{\"@type\":\"PropertyValueSpecification\",\"valueRequired\":true,\"valueName\":\"search_term_string\"}}],\"inLanguage\":\"es\"},{\"@type\":\"Organization\",\"@id\":\"https:\\\/\\\/snbx.sv\\\/summit\\\/#organization\",\"name\":\"SNBX - SUMMIT\",\"alternateName\":\"SNBX - SUMMIT 2026\",\"url\":\"https:\\\/\\\/snbx.sv\\\/summit\\\/\",\"logo\":{\"@type\":\"ImageObject\",\"inLanguage\":\"es\",\"@id\":\"https:\\\/\\\/snbx.sv\\\/summit\\\/#\\\/schema\\\/logo\\\/image\\\/\",\"url\":\"https:\\\/\\\/snbx.sv\\\/summit\\\/wp-content\\\/uploads\\\/2024\\\/07\\\/Logo-Blanco@4x.png\",\"contentUrl\":\"https:\\\/\\\/snbx.sv\\\/summit\\\/wp-content\\\/uploads\\\/2024\\\/07\\\/Logo-Blanco@4x.png\",\"width\":1591,\"height\":435,\"caption\":\"SNBX - SUMMIT\"},\"image\":{\"@id\":\"https:\\\/\\\/snbx.sv\\\/summit\\\/#\\\/schema\\\/logo\\\/image\\\/\"},\"sameAs\":[\"https:\\\/\\\/www.facebook.com\\\/Sandbox.sv\"]}]}<\/script>\n<!-- \/ Yoast SEO plugin. -->","yoast_head_json":{"title":"SNBX Innovation Summit 2026: El Salvador y Centroam\u00e9rica - SNBX - SUMMIT","description":"\u200bEl SNBX Innovation Summit 2026 es el evento referente de innovaci\u00f3n y emprendimiento en El Salvador. Con un enfoque transformador en Centroam\u00e9rica, aceleramos el ecosistema regional mediante el an\u00e1lisis de tendencias, la atracci\u00f3n de inversiones y la generaci\u00f3n de conexiones estrat\u00e9gicas. \u00danete al punto de encuentro clave para potenciar negocios de alto impacto a corto y largo plazo.","robots":{"index":"index","follow":"follow","max-snippet":"max-snippet:-1","max-image-preview":"max-image-preview:large","max-video-preview":"max-video-preview:-1"},"canonical":"https:\/\/snbx.sv\/summit\/lena-savelli\/","og_locale":"es_ES","og_type":"article","og_title":"SNBX Innovation Summit 2026: El Salvador y Centroam\u00e9rica - SNBX - SUMMIT","og_description":"\u200bEl SNBX Innovation Summit 2026 es el evento referente de innovaci\u00f3n y emprendimiento en El Salvador. Con un enfoque transformador en Centroam\u00e9rica, aceleramos el ecosistema regional mediante el an\u00e1lisis de tendencias, la atracci\u00f3n de inversiones y la generaci\u00f3n de conexiones estrat\u00e9gicas. \u00danete al punto de encuentro clave para potenciar negocios de alto impacto a corto y largo plazo.","og_url":"https:\/\/snbx.sv\/summit\/lena-savelli\/","og_site_name":"SNBX - SUMMIT","article_publisher":"https:\/\/www.facebook.com\/Sandbox.sv","article_modified_time":"2026-04-22T19:03:39+00:00","og_image":[{"url":"https:\/\/snbx.sv\/summit\/wp-content\/uploads\/2026\/04\/Lena-portrait-Georgina-Alas-431x561.jpg","type":"","width":"","height":""}],"twitter_card":"summary_large_image","twitter_misc":{"Est. reading time":"2 minutos"},"schema":{"@context":"https:\/\/schema.org","@graph":[{"@type":"WebPage","@id":"https:\/\/snbx.sv\/summit\/lena-savelli\/","url":"https:\/\/snbx.sv\/summit\/lena-savelli\/","name":"SNBX Innovation Summit 2026: El Salvador y Centroam\u00e9rica - SNBX - SUMMIT","isPartOf":{"@id":"https:\/\/snbx.sv\/summit\/#website"},"primaryImageOfPage":{"@id":"https:\/\/snbx.sv\/summit\/lena-savelli\/#primaryimage"},"image":{"@id":"https:\/\/snbx.sv\/summit\/lena-savelli\/#primaryimage"},"thumbnailUrl":"https:\/\/snbx.sv\/summit\/wp-content\/uploads\/2026\/04\/Lena-portrait-Georgina-Alas-431x561.jpg","datePublished":"2026-04-18T08:09:37+00:00","dateModified":"2026-04-22T19:03:39+00:00","description":"\u200bEl SNBX Innovation Summit 2026 es el evento referente de innovaci\u00f3n y emprendimiento en El Salvador. Con un enfoque transformador en Centroam\u00e9rica, aceleramos el ecosistema regional mediante el an\u00e1lisis de tendencias, la atracci\u00f3n de inversiones y la generaci\u00f3n de conexiones estrat\u00e9gicas. \u00danete al punto de encuentro clave para potenciar negocios de alto impacto a corto y largo plazo.","breadcrumb":{"@id":"https:\/\/snbx.sv\/summit\/lena-savelli\/#breadcrumb"},"inLanguage":"es","potentialAction":[{"@type":"ReadAction","target":["https:\/\/snbx.sv\/summit\/lena-savelli\/"]}]},{"@type":"ImageObject","inLanguage":"es","@id":"https:\/\/snbx.sv\/summit\/lena-savelli\/#primaryimage","url":"https:\/\/snbx.sv\/summit\/wp-content\/uploads\/2026\/04\/Lena-portrait-Georgina-Alas.jpg","contentUrl":"https:\/\/snbx.sv\/summit\/wp-content\/uploads\/2026\/04\/Lena-portrait-Georgina-Alas.jpg","width":640,"height":800},{"@type":"BreadcrumbList","@id":"https:\/\/snbx.sv\/summit\/lena-savelli\/#breadcrumb","itemListElement":[{"@type":"ListItem","position":1,"name":"Home","item":"https:\/\/snbx.sv\/summit\/"},{"@type":"ListItem","position":2,"name":"Lena Savelli"}]},{"@type":"WebSite","@id":"https:\/\/snbx.sv\/summit\/#website","url":"https:\/\/snbx.sv\/summit\/","name":"SNBX - SUMMIT","description":"","publisher":{"@id":"https:\/\/snbx.sv\/summit\/#organization"},"alternateName":"SNBX - SUMMIT 2026","potentialAction":[{"@type":"SearchAction","target":{"@type":"EntryPoint","urlTemplate":"https:\/\/snbx.sv\/summit\/?s={search_term_string}"},"query-input":{"@type":"PropertyValueSpecification","valueRequired":true,"valueName":"search_term_string"}}],"inLanguage":"es"},{"@type":"Organization","@id":"https:\/\/snbx.sv\/summit\/#organization","name":"SNBX - SUMMIT","alternateName":"SNBX - SUMMIT 2026","url":"https:\/\/snbx.sv\/summit\/","logo":{"@type":"ImageObject","inLanguage":"es","@id":"https:\/\/snbx.sv\/summit\/#\/schema\/logo\/image\/","url":"https:\/\/snbx.sv\/summit\/wp-content\/uploads\/2024\/07\/Logo-Blanco@4x.png","contentUrl":"https:\/\/snbx.sv\/summit\/wp-content\/uploads\/2024\/07\/Logo-Blanco@4x.png","width":1591,"height":435,"caption":"SNBX - SUMMIT"},"image":{"@id":"https:\/\/snbx.sv\/summit\/#\/schema\/logo\/image\/"},"sameAs":["https:\/\/www.facebook.com\/Sandbox.sv"]}]}},"_links":{"self":[{"href":"https:\/\/snbx.sv\/summit\/wp-json\/wp\/v2\/pages\/19608","targetHints":{"allow":["GET"]}}],"collection":[{"href":"https:\/\/snbx.sv\/summit\/wp-json\/wp\/v2\/pages"}],"about":[{"href":"https:\/\/snbx.sv\/summit\/wp-json\/wp\/v2\/types\/page"}],"author":[{"embeddable":true,"href":"https:\/\/snbx.sv\/summit\/wp-json\/wp\/v2\/users\/1"}],"replies":[{"embeddable":true,"href":"https:\/\/snbx.sv\/summit\/wp-json\/wp\/v2\/comments?post=19608"}],"version-history":[{"count":5,"href":"https:\/\/snbx.sv\/summit\/wp-json\/wp\/v2\/pages\/19608\/revisions"}],"predecessor-version":[{"id":19909,"href":"https:\/\/snbx.sv\/summit\/wp-json\/wp\/v2\/pages\/19608\/revisions\/19909"}],"wp:attachment":[{"href":"https:\/\/snbx.sv\/summit\/wp-json\/wp\/v2\/media?parent=19608"}],"curies":[{"name":"wp","href":"https:\/\/api.w.org\/{rel}","templated":true}]}}